{"id":8,"date":"2017-11-30T15:09:33","date_gmt":"2017-11-30T14:09:33","guid":{"rendered":"http:\/\/christophe-horliac.fr\/?page_id=8"},"modified":"2023-04-16T14:04:57","modified_gmt":"2023-04-16T12:04:57","slug":"about","status":"publish","type":"page","link":"https:\/\/christophe-horliac.fr\/index.php\/about\/","title":{"rendered":"Qui suis je"},"content":{"rendered":"\n<figure class=\"wp-block-image alignright size-full is-resized\"><img loading=\"lazy\" decoding=\"async\" src=\"https:\/\/christophe-horliac.fr\/wp-content\/uploads\/2017\/11\/Christophe-horliac-rond-avatar-1.png\" alt=\"Christophe-Horliac-rond-avatar\" class=\"wp-image-37\" width=\"332\" height=\"332\" srcset=\"https:\/\/christophe-horliac.fr\/wp-content\/uploads\/2017\/11\/Christophe-horliac-rond-avatar-1.png 442w, https:\/\/christophe-horliac.fr\/wp-content\/uploads\/2017\/11\/Christophe-horliac-rond-avatar-1-150x150.png 150w, https:\/\/christophe-horliac.fr\/wp-content\/uploads\/2017\/11\/Christophe-horliac-rond-avatar-1-300x300.png 300w\" sizes=\"auto, (max-width: 332px) 100vw, 332px\" \/><figcaption class=\"wp-element-caption\">Avatar de Chirstophe Horliac<\/figcaption><\/figure>\n\n\n<h2>Bonjour !<\/h2>\n<p>Je m&rsquo;appelle Christophe Horliac, je suis mari\u00e9, j&rsquo;ai 3 enfants.<\/p>\n<p>Apr\u00e8s l&rsquo;obtention du titre homologu\u00e9 d&rsquo;op\u00e9rateur infographiste, j&rsquo;ai commenc\u00e9 \u00e0 travailler comme maquettiste flasheur en 2000 chez Start Plus, et oui je faisais des films pour l&rsquo;impression, r\u00e9alisation de maquettes et Matchprint (\u00e9preuve de photogravure).<\/p>\n<p>En 2003 on change de cr\u00e8merie, me voila chez Indicateur Bertrand, je suis dans une super \u00e9quipe de fabrication, avec qui je r\u00e9alise les maquettes des magasines, Indicateur Bertrand, Propri\u00e9t\u00e9s de France, R\u00e9sidence Secondaires, Bertrand Vacances, Belles Maisons \u00e0 louer.<\/p>\n<p>Puis mon c\u00f4t\u00e9 j&rsquo;aime bien en savoir plus ! Je me dirige vers la gestion des machines, et l&rsquo;univers Apple oui oui Apple, et surtout aider mes coll\u00e8gues \u00e0 avoir les meilleurs machines et les outils pour faire obtenir de meilleures performance.<\/p>\n<p>Faisant partie du groupe Figaro, les choses \u00e9voluent, et pour suivre l\u2019\u00e9volution num\u00e9rique, nous proc\u00e9dons \u00e0 une digitalisation de nos magasines, la presse est de moins en moins rentable, du coup moi aussi j\u2019\u00e9volue, et je veux comprendre et apprendre.<\/p>\n<p>Je deviens charg\u00e9 de gestion technique, plus particuli\u00e8rement, je m&rsquo;occupe de g\u00e9rer l\u2019int\u00e9gration de flux de donn\u00e9es pour les sites Immobilier du Figaro, j\u2019int\u00e8gre des milliers de donn\u00e9es chaque jour, pour que les annonces de ventes immobili\u00e8res soient en lignes.<\/p>\n<p>Maintenant je suis Web Designer, je m&rsquo;\u00e9clate \u00e0 r\u00e9aliser et cr\u00e9er des logos, des sites, des affiches, des animations etc&#8230;<\/p>\n<p>Je r\u00e9alise des designs pour <a href=\"https:\/\/tiptoptshirt.com\/\">tiptoptshirt.com<\/a> qui sont aussi en vente sur Amazon <a href=\"https:\/\/www.amazon.fr\/stores\/TipTopTshirt\/page\/A047DA23-2BA0-4C90-842E-E488D6600CB8?ref_=ast_bln\">https:\/\/www.amazon.fr\/stores\/TipTopTshirt\/<\/a>\u00a0<\/p>\n<p>je suis \u00e0 la cr\u00e9ation des designs et \u00e0 la r\u00e9alisation du produit final, r\u00e9alisation de Tshirts &#8211; Mugs &#8211; Goodies Utilisation de ploter de d\u00e9coupe pour l&rsquo;utilisation du Flex et Press \u00e0 chaud avec sublimation.<\/p>\n<p>Donc si vous avez besoin, je vous invite \u00e0 me <a href=\"http:\/\/christophe-horliac.fr\/index.php\/contact\/\" target=\"_blank\" rel=\"noopener\">contacter<\/a>.<\/p>","protected":false},"excerpt":{"rendered":"<p>Bonjour ! Je m&rsquo;appelle Christophe Horliac, je suis mari\u00e9, j&rsquo;ai 3 enfants. Apr\u00e8s l&rsquo;obtention du titre homologu\u00e9 d&rsquo;op\u00e9rateur infographiste, j&rsquo;ai commenc\u00e9 \u00e0 travailler comme maquettiste flasheur en 2000 chez Start Plus, et oui je faisais des films pour l&rsquo;impression, r\u00e9alisation de maquettes et Matchprint (\u00e9preuve de photogravure). En 2003 on change de cr\u00e8merie, me voila &hellip; <\/p>\n<p class=\"link-more\"><a href=\"https:\/\/christophe-horliac.fr\/index.php\/about\/\" class=\"more-link\">Lire la suite de<span class=\"screen-reader-text\">\u00ab\u00a0Qui suis je\u00a0\u00bb<\/span><\/a><\/p>\n","protected":false},"author":1,"featured_media":37,"parent":0,"menu_order":0,"comment_status":"closed","ping_status":"closed","template":"","meta":{"_monsterinsights_skip_tracking":false,"_monsterinsights_sitenote_active":false,"_monsterinsights_sitenote_note":"","_monsterinsights_sitenote_category":0,"inspiro_hide_title":false,"footnotes":""},"class_list":["post-8","page","type-page","status-publish","has-post-thumbnail","hentry"],"yoast_head":"<!-- This site is optimized with the Yoast SEO plugin v27.4 - https:\/\/yoast.com\/product\/yoast-seo-wordpress\/ -->\n<title>Qui suis je - Christophe Horliac<\/title>\n<meta name=\"description\" content=\"la personne que je suis en quelques mots, infographiste, webdesigner, auto entrepreneur, je suis polyvalent, \u00e0 l&#039;\u00e9coute des demandes clients\" \/>\n<meta name=\"robots\" content=\"index, follow, max-snippet:-1, max-image-preview:large, max-video-preview:-1\" \/>\n<link rel=\"canonical\" href=\"https:\/\/christophe-horliac.fr\/index.php\/about\/\" \/>\n<meta property=\"og:locale\" content=\"fr_FR\" \/>\n<meta property=\"og:type\" content=\"article\" \/>\n<meta property=\"og:title\" content=\"Qui suis je - Christophe Horliac\" \/>\n<meta property=\"og:description\" content=\"la personne que je suis en quelques mots, infographiste, webdesigner, auto entrepreneur, je suis polyvalent, \u00e0 l&#039;\u00e9coute des demandes clients\" \/>\n<meta property=\"og:url\" content=\"https:\/\/christophe-horliac.fr\/index.php\/about\/\" \/>\n<meta property=\"og:site_name\" content=\"Christophe Horliac\" \/>\n<meta property=\"article:modified_time\" content=\"2023-04-16T12:04:57+00:00\" \/>\n<meta property=\"og:image\" content=\"https:\/\/christophe-horliac.fr\/wp-content\/uploads\/2017\/11\/Christophe-horliac-rond-avatar-1.png\" \/>\n\t<meta property=\"og:image:width\" content=\"442\" \/>\n\t<meta property=\"og:image:height\" content=\"442\" \/>\n\t<meta property=\"og:image:type\" content=\"image\/png\" \/>\n<meta name=\"twitter:card\" content=\"summary_large_image\" \/>\n<meta name=\"twitter:label1\" content=\"Dur\u00e9e de lecture estim\u00e9e\" \/>\n\t<meta name=\"twitter:data1\" content=\"2 minutes\" \/>\n<script type=\"application\/ld+json\" class=\"yoast-schema-graph\">{\"@context\":\"https:\\\/\\\/schema.org\",\"@graph\":[{\"@type\":\"WebPage\",\"@id\":\"https:\\\/\\\/christophe-horliac.fr\\\/index.php\\\/about\\\/\",\"url\":\"https:\\\/\\\/christophe-horliac.fr\\\/index.php\\\/about\\\/\",\"name\":\"Qui suis je - Christophe Horliac\",\"isPartOf\":{\"@id\":\"https:\\\/\\\/christophe-horliac.fr\\\/#website\"},\"primaryImageOfPage\":{\"@id\":\"https:\\\/\\\/christophe-horliac.fr\\\/index.php\\\/about\\\/#primaryimage\"},\"image\":{\"@id\":\"https:\\\/\\\/christophe-horliac.fr\\\/index.php\\\/about\\\/#primaryimage\"},\"thumbnailUrl\":\"https:\\\/\\\/christophe-horliac.fr\\\/wp-content\\\/uploads\\\/2017\\\/11\\\/Christophe-horliac-rond-avatar-1.png\",\"datePublished\":\"2017-11-30T14:09:33+00:00\",\"dateModified\":\"2023-04-16T12:04:57+00:00\",\"description\":\"la personne que je suis en quelques mots, infographiste, webdesigner, auto entrepreneur, je suis polyvalent, \u00e0 l'\u00e9coute des demandes clients\",\"breadcrumb\":{\"@id\":\"https:\\\/\\\/christophe-horliac.fr\\\/index.php\\\/about\\\/#breadcrumb\"},\"inLanguage\":\"fr-FR\",\"potentialAction\":[{\"@type\":\"ReadAction\",\"target\":[\"https:\\\/\\\/christophe-horliac.fr\\\/index.php\\\/about\\\/\"]}]},{\"@type\":\"ImageObject\",\"inLanguage\":\"fr-FR\",\"@id\":\"https:\\\/\\\/christophe-horliac.fr\\\/index.php\\\/about\\\/#primaryimage\",\"url\":\"https:\\\/\\\/christophe-horliac.fr\\\/wp-content\\\/uploads\\\/2017\\\/11\\\/Christophe-horliac-rond-avatar-1.png\",\"contentUrl\":\"https:\\\/\\\/christophe-horliac.fr\\\/wp-content\\\/uploads\\\/2017\\\/11\\\/Christophe-horliac-rond-avatar-1.png\",\"width\":442,\"height\":442,\"caption\":\"Avatar de Chirstophe Horliac\"},{\"@type\":\"BreadcrumbList\",\"@id\":\"https:\\\/\\\/christophe-horliac.fr\\\/index.php\\\/about\\\/#breadcrumb\",\"itemListElement\":[{\"@type\":\"ListItem\",\"position\":1,\"name\":\"Accueil\",\"item\":\"https:\\\/\\\/christophe-horliac.fr\\\/\"},{\"@type\":\"ListItem\",\"position\":2,\"name\":\"Qui suis je\"}]},{\"@type\":\"WebSite\",\"@id\":\"https:\\\/\\\/christophe-horliac.fr\\\/#website\",\"url\":\"https:\\\/\\\/christophe-horliac.fr\\\/\",\"name\":\"Christophe Horliac Webdesign\",\"description\":\"Infographiste - Webdesigner - Auto Entrepreneur\",\"publisher\":{\"@id\":\"https:\\\/\\\/christophe-horliac.fr\\\/#\\\/schema\\\/person\\\/88c1b388668e6b362390bcfaf33065eb\"},\"alternateName\":\"CHWD\",\"potentialAction\":[{\"@type\":\"SearchAction\",\"target\":{\"@type\":\"EntryPoint\",\"urlTemplate\":\"https:\\\/\\\/christophe-horliac.fr\\\/?s={search_term_string}\"},\"query-input\":{\"@type\":\"PropertyValueSpecification\",\"valueRequired\":true,\"valueName\":\"search_term_string\"}}],\"inLanguage\":\"fr-FR\"},{\"@type\":[\"Person\",\"Organization\"],\"@id\":\"https:\\\/\\\/christophe-horliac.fr\\\/#\\\/schema\\\/person\\\/88c1b388668e6b362390bcfaf33065eb\",\"name\":\"christophe\",\"image\":{\"@type\":\"ImageObject\",\"inLanguage\":\"fr-FR\",\"@id\":\"https:\\\/\\\/christophe-horliac.fr\\\/wp-content\\\/uploads\\\/2023\\\/04\\\/cropped-logo-CHWD.png\",\"url\":\"https:\\\/\\\/christophe-horliac.fr\\\/wp-content\\\/uploads\\\/2023\\\/04\\\/cropped-logo-CHWD.png\",\"contentUrl\":\"https:\\\/\\\/christophe-horliac.fr\\\/wp-content\\\/uploads\\\/2023\\\/04\\\/cropped-logo-CHWD.png\",\"width\":1813,\"height\":1211,\"caption\":\"christophe\"},\"logo\":{\"@id\":\"https:\\\/\\\/christophe-horliac.fr\\\/wp-content\\\/uploads\\\/2023\\\/04\\\/cropped-logo-CHWD.png\"}}]}<\/script>\n<!-- \/ Yoast SEO plugin. -->","yoast_head_json":{"title":"Qui suis je - Christophe Horliac","description":"la personne que je suis en quelques mots, infographiste, webdesigner, auto entrepreneur, je suis polyvalent, \u00e0 l'\u00e9coute des demandes clients","robots":{"index":"index","follow":"follow","max-snippet":"max-snippet:-1","max-image-preview":"max-image-preview:large","max-video-preview":"max-video-preview:-1"},"canonical":"https:\/\/christophe-horliac.fr\/index.php\/about\/","og_locale":"fr_FR","og_type":"article","og_title":"Qui suis je - Christophe Horliac","og_description":"la personne que je suis en quelques mots, infographiste, webdesigner, auto entrepreneur, je suis polyvalent, \u00e0 l'\u00e9coute des demandes clients","og_url":"https:\/\/christophe-horliac.fr\/index.php\/about\/","og_site_name":"Christophe Horliac","article_modified_time":"2023-04-16T12:04:57+00:00","og_image":[{"width":442,"height":442,"url":"https:\/\/christophe-horliac.fr\/wp-content\/uploads\/2017\/11\/Christophe-horliac-rond-avatar-1.png","type":"image\/png"}],"twitter_card":"summary_large_image","twitter_misc":{"Dur\u00e9e de lecture estim\u00e9e":"2 minutes"},"schema":{"@context":"https:\/\/schema.org","@graph":[{"@type":"WebPage","@id":"https:\/\/christophe-horliac.fr\/index.php\/about\/","url":"https:\/\/christophe-horliac.fr\/index.php\/about\/","name":"Qui suis je - Christophe Horliac","isPartOf":{"@id":"https:\/\/christophe-horliac.fr\/#website"},"primaryImageOfPage":{"@id":"https:\/\/christophe-horliac.fr\/index.php\/about\/#primaryimage"},"image":{"@id":"https:\/\/christophe-horliac.fr\/index.php\/about\/#primaryimage"},"thumbnailUrl":"https:\/\/christophe-horliac.fr\/wp-content\/uploads\/2017\/11\/Christophe-horliac-rond-avatar-1.png","datePublished":"2017-11-30T14:09:33+00:00","dateModified":"2023-04-16T12:04:57+00:00","description":"la personne que je suis en quelques mots, infographiste, webdesigner, auto entrepreneur, je suis polyvalent, \u00e0 l'\u00e9coute des demandes clients","breadcrumb":{"@id":"https:\/\/christophe-horliac.fr\/index.php\/about\/#breadcrumb"},"inLanguage":"fr-FR","potentialAction":[{"@type":"ReadAction","target":["https:\/\/christophe-horliac.fr\/index.php\/about\/"]}]},{"@type":"ImageObject","inLanguage":"fr-FR","@id":"https:\/\/christophe-horliac.fr\/index.php\/about\/#primaryimage","url":"https:\/\/christophe-horliac.fr\/wp-content\/uploads\/2017\/11\/Christophe-horliac-rond-avatar-1.png","contentUrl":"https:\/\/christophe-horliac.fr\/wp-content\/uploads\/2017\/11\/Christophe-horliac-rond-avatar-1.png","width":442,"height":442,"caption":"Avatar de Chirstophe Horliac"},{"@type":"BreadcrumbList","@id":"https:\/\/christophe-horliac.fr\/index.php\/about\/#breadcrumb","itemListElement":[{"@type":"ListItem","position":1,"name":"Accueil","item":"https:\/\/christophe-horliac.fr\/"},{"@type":"ListItem","position":2,"name":"Qui suis je"}]},{"@type":"WebSite","@id":"https:\/\/christophe-horliac.fr\/#website","url":"https:\/\/christophe-horliac.fr\/","name":"Christophe Horliac Webdesign","description":"Infographiste - Webdesigner - Auto Entrepreneur","publisher":{"@id":"https:\/\/christophe-horliac.fr\/#\/schema\/person\/88c1b388668e6b362390bcfaf33065eb"},"alternateName":"CHWD","potentialAction":[{"@type":"SearchAction","target":{"@type":"EntryPoint","urlTemplate":"https:\/\/christophe-horliac.fr\/?s={search_term_string}"},"query-input":{"@type":"PropertyValueSpecification","valueRequired":true,"valueName":"search_term_string"}}],"inLanguage":"fr-FR"},{"@type":["Person","Organization"],"@id":"https:\/\/christophe-horliac.fr\/#\/schema\/person\/88c1b388668e6b362390bcfaf33065eb","name":"christophe","image":{"@type":"ImageObject","inLanguage":"fr-FR","@id":"https:\/\/christophe-horliac.fr\/wp-content\/uploads\/2023\/04\/cropped-logo-CHWD.png","url":"https:\/\/christophe-horliac.fr\/wp-content\/uploads\/2023\/04\/cropped-logo-CHWD.png","contentUrl":"https:\/\/christophe-horliac.fr\/wp-content\/uploads\/2023\/04\/cropped-logo-CHWD.png","width":1813,"height":1211,"caption":"christophe"},"logo":{"@id":"https:\/\/christophe-horliac.fr\/wp-content\/uploads\/2023\/04\/cropped-logo-CHWD.png"}}]}},"featured_media_urls":{"thumbnail":["https:\/\/christophe-horliac.fr\/wp-content\/uploads\/2017\/11\/Christophe-horliac-rond-avatar-1-150x150.png",150,150,true],"medium":["https:\/\/christophe-horliac.fr\/wp-content\/uploads\/2017\/11\/Christophe-horliac-rond-avatar-1-300x300.png",300,300,true],"medium_large":["https:\/\/christophe-horliac.fr\/wp-content\/uploads\/2017\/11\/Christophe-horliac-rond-avatar-1.png",442,442,false],"large":["https:\/\/christophe-horliac.fr\/wp-content\/uploads\/2017\/11\/Christophe-horliac-rond-avatar-1.png",442,442,false],"1536x1536":["https:\/\/christophe-horliac.fr\/wp-content\/uploads\/2017\/11\/Christophe-horliac-rond-avatar-1.png",442,442,false],"2048x2048":["https:\/\/christophe-horliac.fr\/wp-content\/uploads\/2017\/11\/Christophe-horliac-rond-avatar-1.png",442,442,false],"inspiro-featured-image":["https:\/\/christophe-horliac.fr\/wp-content\/uploads\/2017\/11\/Christophe-horliac-rond-avatar-1.png",442,442,false],"inspiro-loop":["https:\/\/christophe-horliac.fr\/wp-content\/uploads\/2017\/11\/Christophe-horliac-rond-avatar-1-442x320.png",442,320,true],"inspiro-loop@2x":["https:\/\/christophe-horliac.fr\/wp-content\/uploads\/2017\/11\/Christophe-horliac-rond-avatar-1.png",442,442,false],"portfolio_item-thumbnail":["https:\/\/christophe-horliac.fr\/wp-content\/uploads\/2017\/11\/Christophe-horliac-rond-avatar-1-442x400.png",442,400,true],"portfolio_item-thumbnail@2x":["https:\/\/christophe-horliac.fr\/wp-content\/uploads\/2017\/11\/Christophe-horliac-rond-avatar-1.png",442,442,false],"portfolio_item-masonry":["https:\/\/christophe-horliac.fr\/wp-content\/uploads\/2017\/11\/Christophe-horliac-rond-avatar-1.png",442,442,false],"portfolio_item-masonry@2x":["https:\/\/christophe-horliac.fr\/wp-content\/uploads\/2017\/11\/Christophe-horliac-rond-avatar-1.png",442,442,false],"portfolio_item-thumbnail_cinema":["https:\/\/christophe-horliac.fr\/wp-content\/uploads\/2017\/11\/Christophe-horliac-rond-avatar-1-442x335.png",442,335,true],"portfolio_item-thumbnail_portrait":["https:\/\/christophe-horliac.fr\/wp-content\/uploads\/2017\/11\/Christophe-horliac-rond-avatar-1.png",442,442,false],"portfolio_item-thumbnail_portrait@2x":["https:\/\/christophe-horliac.fr\/wp-content\/uploads\/2017\/11\/Christophe-horliac-rond-avatar-1.png",442,442,false],"portfolio_item-thumbnail_square":["https:\/\/christophe-horliac.fr\/wp-content\/uploads\/2017\/11\/Christophe-horliac-rond-avatar-1.png",442,442,false]},"_links":{"self":[{"href":"https:\/\/christophe-horliac.fr\/index.php\/wp-json\/wp\/v2\/pages\/8","targetHints":{"allow":["GET"]}}],"collection":[{"href":"https:\/\/christophe-horliac.fr\/index.php\/wp-json\/wp\/v2\/pages"}],"about":[{"href":"https:\/\/christophe-horliac.fr\/index.php\/wp-json\/wp\/v2\/types\/page"}],"author":[{"embeddable":true,"href":"https:\/\/christophe-horliac.fr\/index.php\/wp-json\/wp\/v2\/users\/1"}],"replies":[{"embeddable":true,"href":"https:\/\/christophe-horliac.fr\/index.php\/wp-json\/wp\/v2\/comments?post=8"}],"version-history":[{"count":14,"href":"https:\/\/christophe-horliac.fr\/index.php\/wp-json\/wp\/v2\/pages\/8\/revisions"}],"predecessor-version":[{"id":177,"href":"https:\/\/christophe-horliac.fr\/index.php\/wp-json\/wp\/v2\/pages\/8\/revisions\/177"}],"wp:featuredmedia":[{"embeddable":true,"href":"https:\/\/christophe-horliac.fr\/index.php\/wp-json\/wp\/v2\/media\/37"}],"wp:attachment":[{"href":"https:\/\/christophe-horliac.fr\/index.php\/wp-json\/wp\/v2\/media?parent=8"}],"curies":[{"name":"wp","href":"https:\/\/api.w.org\/{rel}","templated":true}]}}